{"id":4392,"date":"2024-12-06T14:29:01","date_gmt":"2024-12-06T14:29:01","guid":{"rendered":"https:\/\/kobber.com.br\/?page_id=4392"},"modified":"2024-12-06T20:17:10","modified_gmt":"2024-12-06T20:17:10","slug":"imprensa","status":"publish","type":"page","link":"https:\/\/kobber.com.br\/en\/imprensa\/","title":{"rendered":"Press"},"content":{"rendered":"<div data-elementor-type=\"wp-page\" data-elementor-id=\"4392\" class=\"elementor elementor-4392\" data-elementor-post-type=\"page\">\n\t\t\t\t<div class=\"elementor-element elementor-element-bc3ce8f e-flex e-con-boxed e-con e-parent\" data-id=\"bc3ce8f\" data-element_type=\"container\" data-e-type=\"container\" data-settings=\"{&quot;jet_parallax_layout_list&quot;:[]}\">\n\t\t\t\t\t<div class=\"e-con-inner\">\n\t\t\t\t<div class=\"elementor-element elementor-element-4381c80 elementor-widget elementor-widget-spacer\" data-id=\"4381c80\" data-element_type=\"widget\" data-e-type=\"widget\" data-widget_type=\"spacer.default\">\n\t\t\t\t<div class=\"elementor-widget-container\">\n\t\t\t\t\t\t\t<div class=\"elementor-spacer\">\n\t\t\t<div class=\"elementor-spacer-inner\"><\/div>\n\t\t<\/div>\n\t\t\t\t\t\t<\/div>\n\t\t\t\t<\/div>\n\t\t\t\t<div class=\"elementor-element elementor-element-fa97010 elementor-widget elementor-widget-heading\" data-id=\"fa97010\" data-element_type=\"widget\" data-e-type=\"widget\" data-widget_type=\"heading.default\">\n\t\t\t\t<div class=\"elementor-widget-container\">\n\t\t\t\t\t<h2 class=\"elementor-heading-title elementor-size-default\">Press<\/h2>\t\t\t\t<\/div>\n\t\t\t\t<\/div>\n\t\t\t\t<div class=\"elementor-element elementor-element-8a9a6c5 premium-blog-align-left elementor-widget elementor-widget-premium-addon-blog\" data-id=\"8a9a6c5\" data-element_type=\"widget\" data-e-type=\"widget\" data-settings=\"{&quot;premium_blog_columns_number&quot;:&quot;33.33%&quot;,&quot;premium_blog_grid&quot;:&quot;yes&quot;,&quot;premium_blog_layout&quot;:&quot;even&quot;,&quot;premium_blog_columns_number_tablet&quot;:&quot;50%&quot;,&quot;premium_blog_columns_number_mobile&quot;:&quot;100%&quot;}\" data-widget_type=\"premium-addon-blog.default\">\n\t\t\t\t<div class=\"elementor-widget-container\">\n\t\t\t\t\t\n\t\t\n\n\t\t\t\t<div class=\"premium-blog-wrap  premium-blog-even\" data-page=\"4392\">\n\t\t\t\t\t\t\t\t\t<div class=\"premium-blog-post-outer-container\" data-total=\"1\">\n\t\t\t<div class=\"premium-blog-post-container premium-blog-skin-classic\">\n\t\t\t\t\t\t\t\t\t<div class=\"premium-blog-thumb-effect-wrapper\">\n\t\t\t\t\t\t<div class=\"premium-blog-thumbnail-container premium-blog-zoomin-effect\">\n\t\t\t\t\t\t\t<img fetchpriority=\"high\" decoding=\"async\" width=\"1366\" height=\"768\" src=\"https:\/\/kobber.com.br\/wp-content\/uploads\/2024\/12\/Granola-Materia.jpg\" class=\"attachment-full size-full wp-image-4413\" alt=\"\" srcset=\"https:\/\/kobber.com.br\/wp-content\/uploads\/2024\/12\/Granola-Materia.jpg 1366w, https:\/\/kobber.com.br\/wp-content\/uploads\/2024\/12\/Granola-Materia-300x169.jpg 300w, https:\/\/kobber.com.br\/wp-content\/uploads\/2024\/12\/Granola-Materia-1024x576.jpg 1024w, https:\/\/kobber.com.br\/wp-content\/uploads\/2024\/12\/Granola-Materia-768x432.jpg 768w\" sizes=\"(max-width: 1366px) 100vw, 1366px\" \/>\t\t\t\t\t\t<\/div>\n\t\t\t\t\t\t\t\t\t\t\t\t\t<div class=\"premium-blog-thumbnail-overlay\">\n\t\t\t\t\t\t\t\t<a class=\"elementor-icon\" href=\"https:\/\/kobber.com.br\/en\/qual-e-a-melhor-granola-do-mercado-veja-resultado-do-teste-da-proteste\/\" target=\"_self\"><\/a>\n\t\t\t\t\t\t\t<\/div>\n\n\t\t\t\t\t\t\t\t\t\t\t\t\t\t\t\t\t\t<\/div>\n\t\t\t\t\t\t\t\t\t\t\t\t<div class=\"premium-blog-content-wrapper\">\n\n\t\t\t\t\t<div class=\"premium-blog-inner-container\">\n\n\t\t\t\t\t\t\t\t\t\t\t\t\t\t<h2 class=\"premium-blog-entry-title\">\n\t\t\t<a href=\"https:\/\/kobber.com.br\/en\/qual-e-a-melhor-granola-do-mercado-veja-resultado-do-teste-da-proteste\/\" target=\"_self\">\n\t\t\t\tWhat is the best granola on the market? See PROTESTE test results\t\t\t<\/a>\n\t\t<\/h2>\n\t\t\t\t<div class=\"premium-blog-entry-meta\">\n\t\t\t\n\t\t\t\n\t\t\t\n\t\t\t\t\t<\/div>\n\t\t\n\t\t\t\t\t<\/div>\n\n\t\t\t\t\t\t\t<div class=\"premium-blog-content-inner-wrapper\">\n\t\t<p class=\"premium-blog-post-content\">Source: PROTESTE The best granola choice can be determined by a comparative test conducted by PROTESTE, which evaluated five popular brands ...<\/p>\t\t<\/div>\n\t\t\t\t\t\t\t\n\t\t\t\t<\/div>\n\t\t\t<\/div>\n\t\t<\/div>\n\n\t\t\t\t<div class=\"premium-blog-post-outer-container\" data-total=\"1\">\n\t\t\t<div class=\"premium-blog-post-container premium-blog-skin-classic\">\n\t\t\t\t\t\t\t\t\t<div class=\"premium-blog-thumb-effect-wrapper\">\n\t\t\t\t\t\t<div class=\"premium-blog-thumbnail-container premium-blog-zoomin-effect\">\n\t\t\t\t\t\t\t<img decoding=\"async\" width=\"1366\" height=\"768\" src=\"https:\/\/kobber.com.br\/wp-content\/uploads\/2024\/12\/Kobber_02-1-1-min.png\" class=\"attachment-full size-full wp-image-4410\" alt=\"\" srcset=\"https:\/\/kobber.com.br\/wp-content\/uploads\/2024\/12\/Kobber_02-1-1-min.png 1366w, https:\/\/kobber.com.br\/wp-content\/uploads\/2024\/12\/Kobber_02-1-1-min-300x169.png 300w, https:\/\/kobber.com.br\/wp-content\/uploads\/2024\/12\/Kobber_02-1-1-min-1024x576.png 1024w, https:\/\/kobber.com.br\/wp-content\/uploads\/2024\/12\/Kobber_02-1-1-min-768x432.png 768w\" sizes=\"(max-width: 1366px) 100vw, 1366px\" \/>\t\t\t\t\t\t<\/div>\n\t\t\t\t\t\t\t\t\t\t\t\t\t<div class=\"premium-blog-thumbnail-overlay\">\n\t\t\t\t\t\t\t\t<a class=\"elementor-icon\" href=\"https:\/\/kobber.com.br\/en\/kobber-projeta-faturamento-de-r-200-milhoes-em-2024\/\" target=\"_self\"><\/a>\n\t\t\t\t\t\t\t<\/div>\n\n\t\t\t\t\t\t\t\t\t\t\t\t\t\t\t\t\t\t<\/div>\n\t\t\t\t\t\t\t\t\t\t\t\t<div class=\"premium-blog-content-wrapper\">\n\n\t\t\t\t\t<div class=\"premium-blog-inner-container\">\n\n\t\t\t\t\t\t\t\t\t\t\t\t\t\t<h2 class=\"premium-blog-entry-title\">\n\t\t\t<a href=\"https:\/\/kobber.com.br\/en\/kobber-projeta-faturamento-de-r-200-milhoes-em-2024\/\" target=\"_self\">\n\t\t\t\tKobber expects to bill 200 million reais in 2024\t\t\t<\/a>\n\t\t<\/h2>\n\t\t\t\t<div class=\"premium-blog-entry-meta\">\n\t\t\t\n\t\t\t\n\t\t\t\n\t\t\t\t\t<\/div>\n\t\t\n\t\t\t\t\t<\/div>\n\n\t\t\t\t\t\t\t<div class=\"premium-blog-content-inner-wrapper\">\n\t\t<p class=\"premium-blog-post-content\">Source: SuperVarejo Granola company Kobber is gearing up for an unprecedented phase of expansion and renovation, with plans to revamp its image ...<\/p>\t\t<\/div>\n\t\t\t\t\t\t\t\n\t\t\t\t<\/div>\n\t\t\t<\/div>\n\t\t<\/div>\n\n\t\t\t\t<div class=\"premium-blog-post-outer-container\" data-total=\"1\">\n\t\t\t<div class=\"premium-blog-post-container premium-blog-skin-classic\">\n\t\t\t\t\t\t\t\t\t<div class=\"premium-blog-thumb-effect-wrapper\">\n\t\t\t\t\t\t<div class=\"premium-blog-thumbnail-container premium-blog-zoomin-effect\">\n\t\t\t\t\t\t\t<img decoding=\"async\" width=\"1366\" height=\"768\" src=\"https:\/\/kobber.com.br\/wp-content\/uploads\/2024\/12\/Kobber_02-1.png\" class=\"attachment-full size-full wp-image-4406\" alt=\"\" srcset=\"https:\/\/kobber.com.br\/wp-content\/uploads\/2024\/12\/Kobber_02-1.png 1366w, https:\/\/kobber.com.br\/wp-content\/uploads\/2024\/12\/Kobber_02-1-300x169.png 300w, https:\/\/kobber.com.br\/wp-content\/uploads\/2024\/12\/Kobber_02-1-1024x576.png 1024w, https:\/\/kobber.com.br\/wp-content\/uploads\/2024\/12\/Kobber_02-1-768x432.png 768w\" sizes=\"(max-width: 1366px) 100vw, 1366px\" \/>\t\t\t\t\t\t<\/div>\n\t\t\t\t\t\t\t\t\t\t\t\t\t<div class=\"premium-blog-thumbnail-overlay\">\n\t\t\t\t\t\t\t\t<a class=\"elementor-icon\" href=\"https:\/\/kobber.com.br\/en\/kobber-alimentos-reafirma-os-valores-institucionais-em-novo-filme-manifesto\/\" target=\"_self\"><\/a>\n\t\t\t\t\t\t\t<\/div>\n\n\t\t\t\t\t\t\t\t\t\t\t\t\t\t\t\t\t\t<\/div>\n\t\t\t\t\t\t\t\t\t\t\t\t<div class=\"premium-blog-content-wrapper\">\n\n\t\t\t\t\t<div class=\"premium-blog-inner-container\">\n\n\t\t\t\t\t\t\t\t\t\t\t\t\t\t<h2 class=\"premium-blog-entry-title\">\n\t\t\t<a href=\"https:\/\/kobber.com.br\/en\/kobber-alimentos-reafirma-os-valores-institucionais-em-novo-filme-manifesto\/\" target=\"_self\">\n\t\t\t\tKobber Alimentos reaffirms its institutional values in a new film manifesto\t\t\t<\/a>\n\t\t<\/h2>\n\t\t\t\t<div class=\"premium-blog-entry-meta\">\n\t\t\t\n\t\t\t\n\t\t\t\n\t\t\t\t\t<\/div>\n\t\t\n\t\t\t\t\t<\/div>\n\n\t\t\t\t\t\t\t<div class=\"premium-blog-content-inner-wrapper\">\n\t\t<p class=\"premium-blog-post-content\">Source: Propmark Kobber Alimentos has unveiled a new film manifesto, reaffirming the brand's institutional values and its essence of wholesomeness, ...<\/p>\t\t<\/div>\n\t\t\t\t\t\t\t\n\t\t\t\t<\/div>\n\t\t\t<\/div>\n\t\t<\/div>\n\n\t\t\t\t\t\t\t<\/div>\n\n\t\t\n\t\t\n\t\t\t\t\t\t<\/div>\n\t\t\t\t<\/div>\n\t\t\t\t<div class=\"elementor-element elementor-element-aa7653b elementor-widget elementor-widget-heading\" data-id=\"aa7653b\" data-element_type=\"widget\" data-e-type=\"widget\" data-widget_type=\"heading.default\">\n\t\t\t\t<div class=\"elementor-widget-container\">\n\t\t\t\t\t<h2 class=\"elementor-heading-title elementor-size-default\">Contato<\/h2>\t\t\t\t<\/div>\n\t\t\t\t<\/div>\n\t\t\t\t<div class=\"elementor-element elementor-element-5c1287a elementor-widget elementor-widget-text-editor\" data-id=\"5c1287a\" data-element_type=\"widget\" data-e-type=\"widget\" data-widget_type=\"text-editor.default\">\n\t\t\t\t<div class=\"elementor-widget-container\">\n\t\t\t\t\t\t\t\t\t<p><strong>Email:<\/strong> faenna.barense@kobber.com.br<br \/><strong>Counted:<\/strong> Faenna Bemi Barense<\/p>\t\t\t\t\t\t\t\t<\/div>\n\t\t\t\t<\/div>\n\t\t\t\t\t<\/div>\n\t\t\t\t<\/div>\n\t\t\t\t<\/div>","protected":false},"excerpt":{"rendered":"<p>Imprensa Qual \u00e9 a melhor granola do mercado? Veja resultado do teste da PROTESTE Qual \u00e9 a melhor granola do mercado? Veja resultado do teste da PROTESTE Fonte: Proteste A melhor&nbsp;op\u00e7\u00e3o de granola&nbsp;pode ser determinada atrav\u00e9s de um teste comparativo realizado pela PROTESTE, que avaliou cinco marcas populares no \u2026 Kobber projeta faturamento de R$ [&hellip;]<\/p>\n","protected":false},"author":1,"featured_media":0,"parent":0,"menu_order":0,"comment_status":"closed","ping_status":"closed","template":"elementor_header_footer","meta":{"footnotes":""},"class_list":["post-4392","page","type-page","status-publish","hentry"],"_links":{"self":[{"href":"https:\/\/kobber.com.br\/en\/wp-json\/wp\/v2\/pages\/4392","targetHints":{"allow":["GET"]}}],"collection":[{"href":"https:\/\/kobber.com.br\/en\/wp-json\/wp\/v2\/pages"}],"about":[{"href":"https:\/\/kobber.com.br\/en\/wp-json\/wp\/v2\/types\/page"}],"author":[{"embeddable":true,"href":"https:\/\/kobber.com.br\/en\/wp-json\/wp\/v2\/users\/1"}],"replies":[{"embeddable":true,"href":"https:\/\/kobber.com.br\/en\/wp-json\/wp\/v2\/comments?post=4392"}],"version-history":[{"count":16,"href":"https:\/\/kobber.com.br\/en\/wp-json\/wp\/v2\/pages\/4392\/revisions"}],"predecessor-version":[{"id":4963,"href":"https:\/\/kobber.com.br\/en\/wp-json\/wp\/v2\/pages\/4392\/revisions\/4963"}],"wp:attachment":[{"href":"https:\/\/kobber.com.br\/en\/wp-json\/wp\/v2\/media?parent=4392"}],"curies":[{"name":"wp","href":"https:\/\/api.w.org\/{rel}","templated":true}]}}