{"id":6914,"date":"2025-03-21T15:44:02","date_gmt":"2025-03-21T15:44:02","guid":{"rendered":"https:\/\/kobber.com.br\/?page_id=6914"},"modified":"2026-03-23T19:32:18","modified_gmt":"2026-03-23T19:32:18","slug":"divulgacao-do-relatorio-de-transparencia-salarial","status":"publish","type":"page","link":"https:\/\/kobber.com.br\/en\/divulgacao-do-relatorio-de-transparencia-salarial\/","title":{"rendered":"Divulga\u00e7\u00e3o do Relat\u00f3rio de Transpar\u00eancia Salarial"},"content":{"rendered":"<div data-elementor-type=\"wp-page\" data-elementor-id=\"6914\" class=\"elementor elementor-6914\" data-elementor-post-type=\"page\">\n\t\t\t\t<div class=\"elementor-element elementor-element-792a764 e-flex e-con-boxed e-con e-parent\" data-id=\"792a764\" data-element_type=\"container\" data-e-type=\"container\" data-settings=\"{&quot;jet_parallax_layout_list&quot;:[]}\">\n\t\t\t\t\t<div class=\"e-con-inner\">\n\t\t<div class=\"elementor-element elementor-element-eaf2474 e-flex e-con-boxed e-con e-child\" data-id=\"eaf2474\" data-element_type=\"container\" data-e-type=\"container\" data-settings=\"{&quot;jet_parallax_layout_list&quot;:[]}\">\n\t\t\t\t\t<div class=\"e-con-inner\">\n\t\t<div class=\"elementor-element elementor-element-2a7d689 e-con-full e-flex e-con e-child\" data-id=\"2a7d689\" data-element_type=\"container\" data-e-type=\"container\" data-settings=\"{&quot;jet_parallax_layout_list&quot;:[]}\">\n\t\t\t\t<div class=\"elementor-element elementor-element-c38abd8 elementor-widget elementor-widget-heading\" data-id=\"c38abd8\" data-element_type=\"widget\" data-e-type=\"widget\" data-widget_type=\"heading.default\">\n\t\t\t\t<div class=\"elementor-widget-container\">\n\t\t\t\t\t<h2 class=\"elementor-heading-title elementor-size-default\">Divulga\u00e7\u00e3o do Relat\u00f3rio de Transpar\u00eancia Salarial<\/h2>\t\t\t\t<\/div>\n\t\t\t\t<\/div>\n\t\t\t\t<div class=\"elementor-element elementor-element-ebd4720 elementor-widget elementor-widget-text-editor\" data-id=\"ebd4720\" data-element_type=\"widget\" data-e-type=\"widget\" data-widget_type=\"text-editor.default\">\n\t\t\t\t<div class=\"elementor-widget-container\">\n\t\t\t\t\t\t\t\t\t<h2 class=\"wp-block-heading\"><strong>Relat\u00f3rio de Transpar\u00eancia Salarial \u2013 Kobber<\/strong><\/h2><p><!-- \/wp:heading --> <!-- wp:paragraph --><\/p><p>Na Kobber, valorizamos a equidade, o respeito e a constru\u00e7\u00e3o de um ambiente de trabalho cada vez mais justo. Em conformidade com a Lei n\u00ba 14.611\/2023, que trata da Igualdade Salarial e de Crit\u00e9rios Remunerat\u00f3rios entre Mulheres e Homens, divulgamos publicamente nosso <strong>Relat\u00f3rio de Transpar\u00eancia Salarial<\/strong>.<\/p><p><!-- \/wp:paragraph --> <!-- wp:paragraph --><\/p><p>A publica\u00e7\u00e3o deste relat\u00f3rio \u00e9 um passo importante no compromisso com a transpar\u00eancia e deve ser feita de forma clara e acess\u00edvel, como determina a legisla\u00e7\u00e3o.<\/p><p><!-- \/wp:paragraph --><\/p>\t\t\t\t\t\t\t\t<\/div>\n\t\t\t\t<\/div>\n\t\t\t\t<div class=\"elementor-element elementor-element-c4ea114 elementor-widget elementor-widget-text-editor\" data-id=\"c4ea114\" data-element_type=\"widget\" data-e-type=\"widget\" data-widget_type=\"text-editor.default\">\n\t\t\t\t<div class=\"elementor-widget-container\">\n\t\t\t\t\t\t\t\t\t<p>Acesse os relat\u00f3rios completos nos links abaixo:<\/p>\n<p>&#8211; <a href=\"https:\/\/drive.google.com\/file\/d\/1Sm4D2mciAvpvI9gqBw4aenl455FfiqkS\/view?usp=sharing\">Relat\u00f3rio 03\/2025 (visualizar)<\/a><br \/>&#8211; <a href=\"https:\/\/drive.google.com\/file\/d\/1s4xVXTBuhf_VK6yw59nVekrjQUWlNLoM\/view?usp=drive_link\">Relat\u00f3rio 06\/2025 (visualizar)<\/a><br \/>&#8211; <a href=\"https:\/\/kobber.com.br\/wp-content\/uploads\/2026\/03\/Relatorio-Transparencia-e-Igualdade-Salarial-1o-2026.pdf\">Relat\u00f3rio 03\/2026 (visualizar)<\/a><\/p>\t\t\t\t\t\t\t\t<\/div>\n\t\t\t\t<\/div>\n\t\t\t\t<\/div>\n\t\t\t\t\t<\/div>\n\t\t\t\t<\/div>\n\t\t\t\t\t<\/div>\n\t\t\t\t<\/div>\n\t\t<div class=\"elementor-element elementor-element-7507d4a e-flex e-con-boxed e-con e-parent\" data-id=\"7507d4a\" data-element_type=\"container\" data-e-type=\"container\" data-settings=\"{&quot;jet_parallax_layout_list&quot;:[]}\">\n\t\t\t\t\t<div class=\"e-con-inner\">\n\t\t\t\t<div class=\"elementor-element elementor-element-88509f0 elementor-widget elementor-widget-spacer\" data-id=\"88509f0\" data-element_type=\"widget\" data-e-type=\"widget\" data-widget_type=\"spacer.default\">\n\t\t\t\t<div class=\"elementor-widget-container\">\n\t\t\t\t\t\t\t<div class=\"elementor-spacer\">\n\t\t\t<div class=\"elementor-spacer-inner\"><\/div>\n\t\t<\/div>\n\t\t\t\t\t\t<\/div>\n\t\t\t\t<\/div>\n\t\t\t\t\t<\/div>\n\t\t\t\t<\/div>\n\t\t\t\t<\/div>","protected":false},"excerpt":{"rendered":"<p>Divulga\u00e7\u00e3o do Relat\u00f3rio de Transpar\u00eancia Salarial Relat\u00f3rio de Transpar\u00eancia Salarial \u2013 Kobber Na Kobber, valorizamos a equidade, o respeito e a constru\u00e7\u00e3o de um ambiente de trabalho cada vez mais justo. Em conformidade com a Lei n\u00ba 14.611\/2023, que trata da Igualdade Salarial e de Crit\u00e9rios Remunerat\u00f3rios entre Mulheres e Homens, divulgamos publicamente nosso Relat\u00f3rio [&hellip;]<\/p>","protected":false},"author":1,"featured_media":0,"parent":0,"menu_order":0,"comment_status":"closed","ping_status":"closed","template":"","meta":{"footnotes":""},"class_list":["post-6914","page","type-page","status-publish","hentry"],"_links":{"self":[{"href":"https:\/\/kobber.com.br\/en\/wp-json\/wp\/v2\/pages\/6914","targetHints":{"allow":["GET"]}}],"collection":[{"href":"https:\/\/kobber.com.br\/en\/wp-json\/wp\/v2\/pages"}],"about":[{"href":"https:\/\/kobber.com.br\/en\/wp-json\/wp\/v2\/types\/page"}],"author":[{"embeddable":true,"href":"https:\/\/kobber.com.br\/en\/wp-json\/wp\/v2\/users\/1"}],"replies":[{"embeddable":true,"href":"https:\/\/kobber.com.br\/en\/wp-json\/wp\/v2\/comments?post=6914"}],"version-history":[{"count":22,"href":"https:\/\/kobber.com.br\/en\/wp-json\/wp\/v2\/pages\/6914\/revisions"}],"predecessor-version":[{"id":7324,"href":"https:\/\/kobber.com.br\/en\/wp-json\/wp\/v2\/pages\/6914\/revisions\/7324"}],"wp:attachment":[{"href":"https:\/\/kobber.com.br\/en\/wp-json\/wp\/v2\/media?parent=6914"}],"curies":[{"name":"wp","href":"https:\/\/api.w.org\/{rel}","templated":true}]}}