{"id":4649,"date":"2024-12-06T16:10:26","date_gmt":"2024-12-06T16:10:26","guid":{"rendered":"https:\/\/kobber.com.br\/?page_id=4649"},"modified":"2025-01-16T16:35:25","modified_gmt":"2025-01-16T16:35:25","slug":"trabalhe-conosco","status":"publish","type":"page","link":"https:\/\/kobber.com.br\/es\/trabalhe-conosco\/","title":{"rendered":"Trabaja con nosotros"},"content":{"rendered":"<div data-elementor-type=\"wp-page\" data-elementor-id=\"4649\" class=\"elementor elementor-4649\" data-elementor-post-type=\"page\">\n\t\t\t\t<div class=\"elementor-element elementor-element-1f9587c e-flex e-con-boxed e-con e-parent\" data-id=\"1f9587c\" data-element_type=\"container\" data-e-type=\"container\" data-settings=\"{&quot;background_background&quot;:&quot;classic&quot;,&quot;jet_parallax_layout_list&quot;:[]}\">\n\t\t\t\t\t<div class=\"e-con-inner\">\n\t\t<div class=\"elementor-element elementor-element-51eb1ed e-con-full e-flex e-con e-child\" data-id=\"51eb1ed\" data-element_type=\"container\" data-e-type=\"container\" data-settings=\"{&quot;jet_parallax_layout_list&quot;:[]}\">\n\t\t<div class=\"elementor-element elementor-element-5d00f02 e-con-full e-flex e-con e-child\" data-id=\"5d00f02\" data-element_type=\"container\" data-e-type=\"container\" data-settings=\"{&quot;jet_parallax_layout_list&quot;:[]}\">\n\t\t\t\t<div class=\"elementor-element elementor-element-2d14144 elementor-widget elementor-widget-image\" data-id=\"2d14144\" data-element_type=\"widget\" data-e-type=\"widget\" data-widget_type=\"image.default\">\n\t\t\t\t<div class=\"elementor-widget-container\">\n\t\t\t\t\t\t\t\t\t\t\t\t\t\t\t<img decoding=\"async\" width=\"143\" height=\"58\" src=\"https:\/\/kobber.com.br\/wp-content\/uploads\/2024\/12\/Trabaja-Con-Nosotros.svg\" class=\"attachment-full size-full wp-image-4756\" alt=\"\" \/>\t\t\t\t\t\t\t\t\t\t\t\t\t\t\t<\/div>\n\t\t\t\t<\/div>\n\t\t\t\t<\/div>\n\t\t\t\t<\/div>\n\t\t\t\t\t<\/div>\n\t\t\t\t<\/div>\n\t\t<div class=\"elementor-element elementor-element-c96cd33 e-flex e-con-boxed e-con e-parent\" data-id=\"c96cd33\" data-element_type=\"container\" data-e-type=\"container\" data-settings=\"{&quot;jet_parallax_layout_list&quot;:[]}\">\n\t\t\t\t\t<div class=\"e-con-inner\">\n\t\t<div class=\"elementor-element elementor-element-e27cfe1 e-con-full e-flex e-con e-child\" data-id=\"e27cfe1\" data-element_type=\"container\" data-e-type=\"container\" data-settings=\"{&quot;jet_parallax_layout_list&quot;:[]}\">\n\t\t\t\t<div class=\"elementor-element elementor-element-8737f61 elementor-widget elementor-widget-heading\" data-id=\"8737f61\" data-element_type=\"widget\" data-e-type=\"widget\" data-widget_type=\"heading.default\">\n\t\t\t\t<div class=\"elementor-widget-container\">\n\t\t\t\t\t<h2 class=\"elementor-heading-title elementor-size-default\">\u00bfQuiere unirse a nuestro equipo?<\/h2>\t\t\t\t<\/div>\n\t\t\t\t<\/div>\n\t\t\t\t<div class=\"elementor-element elementor-element-9e7b9cd elementor-widget elementor-widget-text-editor\" data-id=\"9e7b9cd\" data-element_type=\"widget\" data-e-type=\"widget\" data-widget_type=\"text-editor.default\">\n\t\t\t\t<div class=\"elementor-widget-container\">\n\t\t\t\t\t\t\t\t\t<p>Siempre estamos buscando talentos que compartan nuestra pasi\u00f3n por la innovaci\u00f3n, la calidad y la conexi\u00f3n. Env\u00edanos tu CV y \u00fanete a nosotros en la construcci\u00f3n de un futuro m\u00e1s sabroso y pr\u00e1ctico para todos.<\/p>\t\t\t\t\t\t\t\t<\/div>\n\t\t\t\t<\/div>\n\t\t\t\t<div class=\"elementor-element elementor-element-65e55cd elementor-widget elementor-widget-button\" data-id=\"65e55cd\" data-element_type=\"widget\" data-e-type=\"widget\" data-widget_type=\"button.default\">\n\t\t\t\t<div class=\"elementor-widget-container\">\n\t\t\t\t\t\t\t\t\t<div class=\"elementor-button-wrapper\">\n\t\t\t\t\t<a class=\"elementor-button elementor-button-link elementor-size-sm elementor-animation-grow\" href=\"#elementor-action%3Aaction%3Dpopup%3Aopen%26settings%3DeyJpZCI6IjUzNzIiLCJ0b2dnbGUiOmZhbHNlfQ%3D%3D\">\n\t\t\t\t\t\t<span class=\"elementor-button-content-wrapper\">\n\t\t\t\t\t\t\t\t\t<span class=\"elementor-button-text\">Registre su CV<\/span>\n\t\t\t\t\t<\/span>\n\t\t\t\t\t<\/a>\n\t\t\t\t<\/div>\n\t\t\t\t\t\t\t\t<\/div>\n\t\t\t\t<\/div>\n\t\t\t\t<\/div>\n\t\t\t\t\t<\/div>\n\t\t\t\t<\/div>\n\t\t<div class=\"elementor-element elementor-element-c3592c3 e-flex e-con-boxed e-con e-parent\" data-id=\"c3592c3\" data-element_type=\"container\" data-e-type=\"container\" data-settings=\"{&quot;jet_parallax_layout_list&quot;:[]}\">\n\t\t\t\t\t<div class=\"e-con-inner\">\n\t\t<div class=\"elementor-element elementor-element-55c8c86 e-con-full e-flex e-con e-child\" data-id=\"55c8c86\" data-element_type=\"container\" data-e-type=\"container\" data-settings=\"{&quot;jet_parallax_layout_list&quot;:[]}\">\n\t\t\t\t<div class=\"elementor-element elementor-element-1e08751 elementor-widget elementor-widget-heading\" data-id=\"1e08751\" data-element_type=\"widget\" data-e-type=\"widget\" data-widget_type=\"heading.default\">\n\t\t\t\t<div class=\"elementor-widget-container\">\n\t\t\t\t\t<h2 class=\"elementor-heading-title elementor-size-default\">Historias de los creadores <\/br>a Kobber suceder<\/h2>\t\t\t\t<\/div>\n\t\t\t\t<\/div>\n\t\t\t\t<div class=\"elementor-element elementor-element-b57a7bf elementor-widget elementor-widget-text-editor\" data-id=\"b57a7bf\" data-element_type=\"widget\" data-e-type=\"widget\" data-widget_type=\"text-editor.default\">\n\t\t\t\t<div class=\"elementor-widget-container\">\n\t\t\t\t\t\t\t\t\t<p>Conozca un poco la experiencia de nuestros empleados.<\/p>\t\t\t\t\t\t\t\t<\/div>\n\t\t\t\t<\/div>\n\t\t<div class=\"elementor-element elementor-element-4c7bfe2 e-con-full e-flex e-con e-child\" data-id=\"4c7bfe2\" data-element_type=\"container\" data-e-type=\"container\" data-settings=\"{&quot;jet_parallax_layout_list&quot;:[]}\">\n\t\t<div class=\"elementor-element elementor-element-0dd12a8 e-con-full e-flex e-con e-child\" data-id=\"0dd12a8\" data-element_type=\"container\" data-e-type=\"container\" data-settings=\"{&quot;jet_parallax_layout_list&quot;:[]}\">\n\t\t\t\t<div class=\"elementor-element elementor-element-a9272b9 elementor-widget elementor-widget-text-editor\" data-id=\"a9272b9\" data-element_type=\"widget\" data-e-type=\"widget\" data-widget_type=\"text-editor.default\">\n\t\t\t\t<div class=\"elementor-widget-container\">\n\t\t\t\t\t\t\t\t\t<p>Mi carrera en Kobber comenz\u00f3 en 1999. En estos 25 a\u00f1os, mis mayores logros han sido mi ascenso a Director de Ventas, as\u00ed como ayudar al equipo a alcanzar sus objetivos a diario.<br \/><br \/>Creo que los valores Actitud del Propietario y Trabajo en Equipo son fundamentales para el \u00e9xito. Agradezco formar parte de este equipo y contribuir al crecimiento de la empresa.<\/p>\t\t\t\t\t\t\t\t<\/div>\n\t\t\t\t<\/div>\n\t\t\t\t<div class=\"elementor-element elementor-element-287a9b7 elementor-widget elementor-widget-text-editor\" data-id=\"287a9b7\" data-element_type=\"widget\" data-e-type=\"widget\" data-widget_type=\"text-editor.default\">\n\t\t\t\t<div class=\"elementor-widget-container\">\n\t\t\t\t\t\t\t\t\t<p><strong>Alexandre Diniz<\/strong><\/p>\t\t\t\t\t\t\t\t<\/div>\n\t\t\t\t<\/div>\n\t\t\t\t<\/div>\n\t\t<div class=\"elementor-element elementor-element-abc969f e-con-full e-flex e-con e-child\" data-id=\"abc969f\" data-element_type=\"container\" data-e-type=\"container\" data-settings=\"{&quot;jet_parallax_layout_list&quot;:[]}\">\n\t\t\t\t<div class=\"elementor-element elementor-element-b2731e3 elementor-widget elementor-widget-text-editor\" data-id=\"b2731e3\" data-element_type=\"widget\" data-e-type=\"widget\" data-widget_type=\"text-editor.default\">\n\t\t\t\t<div class=\"elementor-widget-container\">\n\t\t\t\t\t\t\t\t\t<p>Me siento realizada y agradecida por formar parte de Kobber desde 2007. Aqu\u00ed he tenido muchas oportunidades de crecimiento, as\u00ed como un entorno de trabajo ligero y una cultura que valora el desarrollo personal y profesional. <br \/><br \/>La flexibilidad y la confianza que la empresa deposita en m\u00ed me permiten compaginar mi vida personal como madre y esposa con mi carrera profesional.<\/p>\t\t\t\t\t\t\t\t<\/div>\n\t\t\t\t<\/div>\n\t\t\t\t<div class=\"elementor-element elementor-element-be5b394 elementor-widget elementor-widget-text-editor\" data-id=\"be5b394\" data-element_type=\"widget\" data-e-type=\"widget\" data-widget_type=\"text-editor.default\">\n\t\t\t\t<div class=\"elementor-widget-container\">\n\t\t\t\t\t\t\t\t\t<p><strong>Camila Fonseca<\/strong><\/p>\t\t\t\t\t\t\t\t<\/div>\n\t\t\t\t<\/div>\n\t\t\t\t<\/div>\n\t\t<div class=\"elementor-element elementor-element-b1a88ee e-con-full e-flex e-con e-child\" data-id=\"b1a88ee\" data-element_type=\"container\" data-e-type=\"container\" data-settings=\"{&quot;jet_parallax_layout_list&quot;:[]}\">\n\t\t\t\t<div class=\"elementor-element elementor-element-911f90b elementor-widget elementor-widget-text-editor\" data-id=\"911f90b\" data-element_type=\"widget\" data-e-type=\"widget\" data-widget_type=\"text-editor.default\">\n\t\t\t\t<div class=\"elementor-widget-container\">\n\t\t\t\t\t\t\t\t\t<p>Empec\u00e9 en Kobber como muchos, desde cero. Pero la sed de aprender y crecer siempre me ha impulsado. Con el apoyo de la empresa, pude manejar m\u00e1quinas, dirigir equipos y hoy asumo el desafiante papel de jefe de mantenimiento.<br \/><br \/>Cada etapa era una experiencia de aprendizaje, un pelda\u00f1o m\u00e1s en la escalera que me ha dado Kobber. Estoy agradecido por este viaje y por tener la oportunidad de crecer junto con la empresa.<\/p>\t\t\t\t\t\t\t\t<\/div>\n\t\t\t\t<\/div>\n\t\t\t\t<div class=\"elementor-element elementor-element-09725a5 elementor-widget elementor-widget-text-editor\" data-id=\"09725a5\" data-element_type=\"widget\" data-e-type=\"widget\" data-widget_type=\"text-editor.default\">\n\t\t\t\t<div class=\"elementor-widget-container\">\n\t\t\t\t\t\t\t\t\t<div class=\"QhwbB\"><div class=\"ZKRKU\"><div class=\"GOJZx\"><div class=\"agPPc U4hHe hWX7X fs-mask GIejc\"><p><strong>Samuel Celestino<\/strong><\/p><\/div><\/div><\/div><\/div>\t\t\t\t\t\t\t\t<\/div>\n\t\t\t\t<\/div>\n\t\t\t\t<\/div>\n\t\t\t\t<\/div>\n\t\t\t\t<\/div>\n\t\t\t\t\t<\/div>\n\t\t\t\t<\/div>\n\t\t\t\t<\/div>","protected":false},"excerpt":{"rendered":"<p>Quer fazer parte da nossa equipe? Estamos sempre de olho em talentos que compartilhem da nossa paix\u00e3o por inova\u00e7\u00e3o, qualidade e conex\u00e3o. Envie seu curr\u00edculo e venha construir conosco um futuro mais saboroso e pr\u00e1tico para todos. Cadastre seu curr\u00edculo Hist\u00f3rias de quem faz a Kobber acontecer Conhe\u00e7a um pouco da experi\u00eancia dos nossos colaboradores. [&hellip;]<\/p>\n","protected":false},"author":1,"featured_media":0,"parent":0,"menu_order":0,"comment_status":"closed","ping_status":"closed","template":"","meta":{"footnotes":""},"class_list":["post-4649","page","type-page","status-publish","hentry"],"_links":{"self":[{"href":"https:\/\/kobber.com.br\/es\/wp-json\/wp\/v2\/pages\/4649","targetHints":{"allow":["GET"]}}],"collection":[{"href":"https:\/\/kobber.com.br\/es\/wp-json\/wp\/v2\/pages"}],"about":[{"href":"https:\/\/kobber.com.br\/es\/wp-json\/wp\/v2\/types\/page"}],"author":[{"embeddable":true,"href":"https:\/\/kobber.com.br\/es\/wp-json\/wp\/v2\/users\/1"}],"replies":[{"embeddable":true,"href":"https:\/\/kobber.com.br\/es\/wp-json\/wp\/v2\/comments?post=4649"}],"version-history":[{"count":94,"href":"https:\/\/kobber.com.br\/es\/wp-json\/wp\/v2\/pages\/4649\/revisions"}],"predecessor-version":[{"id":6777,"href":"https:\/\/kobber.com.br\/es\/wp-json\/wp\/v2\/pages\/4649\/revisions\/6777"}],"wp:attachment":[{"href":"https:\/\/kobber.com.br\/es\/wp-json\/wp\/v2\/media?parent=4649"}],"curies":[{"name":"wp","href":"https:\/\/api.w.org\/{rel}","templated":true}]}}